


{"id":4267,"date":"2025-07-23T11:07:28","date_gmt":"2025-07-23T11:07:28","guid":{"rendered":"https:\/\/eglisecma.ci\/nouveau\/?page_id=4267"},"modified":"2025-07-23T11:30:28","modified_gmt":"2025-07-23T11:30:28","slug":"politique-de-confidentialite-acm","status":"publish","type":"page","link":"https:\/\/eglisecma.ci\/nouveau\/politique-de-confidentialite-acm\/","title":{"rendered":"Politique de confidentialit\u00e9 ACM Radio"},"content":{"rendered":"<p><strong>Informations collect\u00e9es<br><\/strong>Chez ACM Radio , nous nous engageons \u00e0 prot\u00e9ger votre vie priv\u00e9e. Lorsque vous utilisez notre application de streaming radio, nous collectons plusieurs types d\u2019informations :<br>\u2022 Informations personnelles : Nous ne collectons PAS d\u2019informations personnelles, telles que votre pr\u00e9nom ou votre nom, vos adresses physiques, vos adresses e-mail, votre t\u00e9l\u00e9phone, vos photos.<br>\u2022 Informations non personnelles : nous pouvons collecter des identifiants d\u2019appareil pour personnaliser les publicit\u00e9s et analyser le trafic. Ces informations peuvent \u00eatre partag\u00e9es avec nos partenaires de publicit\u00e9 et d\u2019analyse. Vous pouvez consulter la politique de confidentialit\u00e9 de Google Ads <a href=\"https:\/\/policies.google.com\/privacy?hl=fr\" target=\"_blank\" rel=\"noopener\" title=\"\">ici<\/a><br>\u2022 Localisation : nous pouvons collecter la position de votre appareil pour sugg\u00e9rer des stations de radio locales. L\u2019emplacement permettant aux annonceurs de diffuser des annonces aux utilisateurs en fonction de leurs donn\u00e9es de localisation. Cependant, cette collecte est facultative et les donn\u00e9es ne sont pas stock\u00e9es.<br><strong>Modifications<\/strong><br>Notre politique de confidentialit\u00e9 peut changer \u00e0 l\u2019avenir et toute mise \u00e0 jour sera publi\u00e9e sur cette page. Si vous n\u2019\u00eates pas d\u2019accord avec les modifications apport\u00e9es \u00e0 cette politique, vous pouvez imm\u00e9diatement cesser toute utilisation de cette application.<br><strong>Contacts<\/strong><br>Si vous \u00eates propri\u00e9taire d\u2019une radio et souhaitez supprimer un flux radio ou si vous avez des questions concernant cette application, veuillez nous contacter par email \u00e0 <strong>info@eglisecma.ci<\/strong><br><strong>T\u00e9l\u00e9phone:<\/strong> \u202a(+225) 27 22 41 79 26\u202c<br><strong>Localisation:<\/strong> Abidjan, Cocody 2 Plateaux Vallon\/ R\u00e9publique de C\u00f4te d\u2019Ivoire<\/p>","protected":false},"excerpt":{"rendered":"<p>Informations collect\u00e9esChez ACM Radio , nous nous engageons \u00e0 prot\u00e9ger votre vie priv\u00e9e. Lorsque vous utilisez notre application de streaming radio, nous collectons plusieurs types d\u2019informations :\u2022 Informations personnelles : Nous ne collectons PAS d\u2019informations personnelles, telles que votre pr\u00e9nom ou votre nom, vos adresses physiques, vos adresses e-mail, votre t\u00e9l\u00e9phone, vos photos.\u2022 Informations non [&hellip;]<\/p>\n","protected":false},"author":1,"featured_media":0,"parent":0,"menu_order":0,"comment_status":"closed","ping_status":"closed","template":"","meta":{"om_disable_all_campaigns":false,"_monsterinsights_skip_tracking":false,"_monsterinsights_sitenote_active":false,"_monsterinsights_sitenote_note":"","_monsterinsights_sitenote_category":0,"footnotes":""},"class_list":["post-4267","page","type-page","status-publish","hentry"],"aioseo_notices":[],"jetpack_sharing_enabled":true,"_links":{"self":[{"href":"https:\/\/eglisecma.ci\/nouveau\/wp-json\/wp\/v2\/pages\/4267","targetHints":{"allow":["GET"]}}],"collection":[{"href":"https:\/\/eglisecma.ci\/nouveau\/wp-json\/wp\/v2\/pages"}],"about":[{"href":"https:\/\/eglisecma.ci\/nouveau\/wp-json\/wp\/v2\/types\/page"}],"author":[{"embeddable":true,"href":"https:\/\/eglisecma.ci\/nouveau\/wp-json\/wp\/v2\/users\/1"}],"replies":[{"embeddable":true,"href":"https:\/\/eglisecma.ci\/nouveau\/wp-json\/wp\/v2\/comments?post=4267"}],"version-history":[{"count":6,"href":"https:\/\/eglisecma.ci\/nouveau\/wp-json\/wp\/v2\/pages\/4267\/revisions"}],"predecessor-version":[{"id":4275,"href":"https:\/\/eglisecma.ci\/nouveau\/wp-json\/wp\/v2\/pages\/4267\/revisions\/4275"}],"wp:attachment":[{"href":"https:\/\/eglisecma.ci\/nouveau\/wp-json\/wp\/v2\/media?parent=4267"}],"curies":[{"name":"wp","href":"https:\/\/api.w.org\/{rel}","templated":true}]}}