


{"id":3916,"date":"2025-01-27T10:09:44","date_gmt":"2025-01-27T10:09:44","guid":{"rendered":"https:\/\/eglisecma.ci\/nouveau\/?page_id=3916"},"modified":"2026-01-22T09:25:30","modified_gmt":"2026-01-22T09:25:30","slug":"pastorale","status":"publish","type":"page","link":"https:\/\/eglisecma.ci\/nouveau\/pastorale\/","title":{"rendered":"Pastorale"},"content":{"rendered":"<div class=\"wpb-content-wrapper\"><p>[vc_row full_width=&#8221;stretch_row&#8221; css=&#8221;.vc_custom_1605007270524{padding-top: 110px !important;padding-bottom: 80px !important;}&#8221; row_css_sm=&#8221;.vc_custom_1605007270526{padding-top: 70px !important;padding-bottom: 40px !important;}&#8221;][vc_column]\r\r\n\t\t<div  class=\"sigma_custom_heading_wrapper sigma-custom-heading-195425008 sigma-shortcode-wrapper custom-heading-style-2 subtitle-text-uppercase title-text- text-center  vc_custom_1769024642108\">\r\r\r\n\t\t\t\r\n<div class=\"section-title sigma-custom-heading-wrapper\">\r\r\n\t\r\n\r\r\n\t\t\t<h3 class=\"heading-subtitle\">\r\r\n\t\t\t\tActualit\u00e9s\r\n\t\t\t<\/h3>\r\r\n\t\t\r\n\t\t\t<h2 class=\"heading-title\">\r\r\n\t\t\t\tLes news de la Pastorale 2026\r\n\t\t\t<\/h2>\r\r\n\t\t\r\n<\/div>\r\r\n\r\r\n\t\t<\/div>\r\r\r\n\t\t\r\n\t\t<div  class=\"sigma_blog_wrapper sigma-blog-294182506 sigma-shortcode-wrapper blog-style-4 blog-layout-grid\">\r\r\n\t\t\t\r\n<div class=\"latest-news\">\r\r\n\r\r\r\n<div class=\"row\">\r\r\r\r\n\t\r\r\r\n\t\t<div class=\"col-xl-4 col-lg-4 col-md-6 col-sm-12\">\r\r\r\r\n\t\t\t<article id=\"post-4362\" class=\"sigma-post sigma-post-style-1 grid-layout post-4362 post type-post status-publish format-standard has-post-thumbnail hentry category-pastorale\">\r\n  <div class=\"sigma-post-wrapper\">\r\n\t\t\t\t\t<div class=\"sigma_post-thumb\">\r\n\t\t\t\t<a class=\"post-thumbnail\" href=\"https:\/\/eglisecma.ci\/nouveau\/pastorale-2026-jour-3\/\" aria-hidden=\"true\">\r\n\t\t\t\t\t<img fetchpriority=\"high\" decoding=\"async\" width=\"800\" height=\"520\" src=\"https:\/\/eglisecma.ci\/nouveau\/wp-content\/uploads\/2026\/01\/003A0576-800x520.jpg\" class=\"attachment-sacreva-blog size-sacreva-blog wp-post-image\" alt=\"\" \/>\t\t\t\t<\/a>\r\n\t\t\t\t\t\t\t<\/div>\r\n\t\t\t\t\t    <div class=\"sigma-post-inner\">\r\n\t      <div class=\"entry-footer\">\r\n\t        <ul>\r\n\t          <li>\r\n\t              \r\n\t\t<div class=\"entry-meta-footer sigma_post_tags\">\r\r\n\t\t\r\n\t\t<\/div>\r\r\n\t\t\t          <\/li>\r\n\t          <li>\r\n\t            <div class=\"entry-meta\">\r\n\t              \r\n\t\t<span class=\"posted-on\">\r\r\n\t\t\t<a href=\"https:\/\/eglisecma.ci\/nouveau\/pastorale-2026-jour-3\/\" rel=\"bookmark\">\r\r\n\t\t\t\t<i class=\"far fa-calendar-alt\"><\/i>\r\r\n\t\t\t\t24 janvier 2026\r\n\t\t\t<\/a>\r\r\n\t\t<\/span>\r\r\n\t\t\t            <\/div>\r\n\t          <\/li>\r\n\t        <\/ul>\r\n\t      <\/div>\r\n\t      <footer class=\"entry-footer\">\r\n\t      <div class=\"entry-header\">\r\n\t        <h4 class=\"entry-title\"><a href=\"https:\/\/eglisecma.ci\/nouveau\/pastorale-2026-jour-3\/\" rel=\"bookmark\">PASTORALE 2026 \u2013 Jour 3<\/a><\/h4>\t      <\/div>\r\n\t\t\t\t\t\t\t\t\t<div class=\"entry-content\">\r\n\t\t\t\t\t\t<p>Travailler de mieux en mieux : une exigence spirituelle et un appel \u00e0 l\u2019excellence R\u00e9unis pour le troisi\u00e8me et<\/p>\r\n\t\t\t\t\t<\/div>\r\n\t\t\t\t\t        <div class=\"author-details\">\r\n\t          \r\n\t\t<div class=\"entry-meta-footer sigma_post_author\">\r\r\n\t\t\t<div class=\"entry-meta-container\">\r\r\n\t\t\t\t<span class=\"author vcard\">\r\r\n\t\t\t\t<img alt='comment-author' src='https:\/\/secure.gravatar.com\/avatar\/692390f63378d4a0dfd79023d63f0e769cab37765735bf1ae58838bb70f0a01d?s=96&#038;d=mm&#038;r=g' srcset='https:\/\/secure.gravatar.com\/avatar\/692390f63378d4a0dfd79023d63f0e769cab37765735bf1ae58838bb70f0a01d?s=96&#038;d=mm&#038;r=g 2x' class='avatar avatar-96 photo' height='96' width='96' \/>\r\n\t\t\t\t\t<a class=\"url fn n\" href=\"https:\/\/eglisecma.ci\/nouveau\/author\/sergeolivierk\/\">\r\r\n\t\t\t\t\t\t<span>By <\/span> Eglise CMA\r\n\t\t\t\t\t<\/a>\r\r\n\t\t\t\t<\/span>\r\r\n\t\t\t<\/div>\r\r\n\t\t<\/div>\r\r\n\t\t\t        <\/div>\r\n\t      <\/footer>\r\n\t    <\/div>\r\n\t\t  <\/div>\r\n<\/article>\r\n\r\r\r\n\t\t<\/div>\r\r\r\r\n\t\t\r\r\r\n\t\t<div class=\"col-xl-4 col-lg-4 col-md-6 col-sm-12\">\r\r\r\r\n\t\t\t<article id=\"post-4359\" class=\"sigma-post sigma-post-style-1 grid-layout post-4359 post type-post status-publish format-standard has-post-thumbnail hentry category-pastorale\">\r\n  <div class=\"sigma-post-wrapper\">\r\n\t\t\t\t\t<div class=\"sigma_post-thumb\">\r\n\t\t\t\t<a class=\"post-thumbnail\" href=\"https:\/\/eglisecma.ci\/nouveau\/pastorale-2026-jour-2\/\" aria-hidden=\"true\">\r\n\t\t\t\t\t<img decoding=\"async\" width=\"800\" height=\"520\" src=\"https:\/\/eglisecma.ci\/nouveau\/wp-content\/uploads\/2026\/01\/003A9771-800x520.jpg\" class=\"attachment-sacreva-blog size-sacreva-blog wp-post-image\" alt=\"\" \/>\t\t\t\t<\/a>\r\n\t\t\t\t\t\t\t<\/div>\r\n\t\t\t\t\t    <div class=\"sigma-post-inner\">\r\n\t      <div class=\"entry-footer\">\r\n\t        <ul>\r\n\t          <li>\r\n\t              \r\n\t\t<div class=\"entry-meta-footer sigma_post_tags\">\r\r\n\t\t\r\n\t\t<\/div>\r\r\n\t\t\t          <\/li>\r\n\t          <li>\r\n\t            <div class=\"entry-meta\">\r\n\t              \r\n\t\t<span class=\"posted-on\">\r\r\n\t\t\t<a href=\"https:\/\/eglisecma.ci\/nouveau\/pastorale-2026-jour-2\/\" rel=\"bookmark\">\r\r\n\t\t\t\t<i class=\"far fa-calendar-alt\"><\/i>\r\r\n\t\t\t\t23 janvier 2026\r\n\t\t\t<\/a>\r\r\n\t\t<\/span>\r\r\n\t\t\t            <\/div>\r\n\t          <\/li>\r\n\t        <\/ul>\r\n\t      <\/div>\r\n\t      <footer class=\"entry-footer\">\r\n\t      <div class=\"entry-header\">\r\n\t        <h4 class=\"entry-title\"><a href=\"https:\/\/eglisecma.ci\/nouveau\/pastorale-2026-jour-2\/\" rel=\"bookmark\">PASTORALE 2026 \u2013 JOUR 2<\/a><\/h4>\t      <\/div>\r\n\t\t\t\t\t\t\t\t\t<div class=\"entry-content\">\r\n\t\t\t\t\t\t<p>\u00ab Restaurer la gloire de Dieu en travaillant de mieux en mieux \u00e0 l\u2019\u0153uvre du Seigneur \u00bb (1 Corinthiens<\/p>\r\n\t\t\t\t\t<\/div>\r\n\t\t\t\t\t        <div class=\"author-details\">\r\n\t          \r\n\t\t<div class=\"entry-meta-footer sigma_post_author\">\r\r\n\t\t\t<div class=\"entry-meta-container\">\r\r\n\t\t\t\t<span class=\"author vcard\">\r\r\n\t\t\t\t<img alt='comment-author' src='https:\/\/secure.gravatar.com\/avatar\/692390f63378d4a0dfd79023d63f0e769cab37765735bf1ae58838bb70f0a01d?s=96&#038;d=mm&#038;r=g' srcset='https:\/\/secure.gravatar.com\/avatar\/692390f63378d4a0dfd79023d63f0e769cab37765735bf1ae58838bb70f0a01d?s=96&#038;d=mm&#038;r=g 2x' class='avatar avatar-96 photo' height='96' width='96' \/>\r\n\t\t\t\t\t<a class=\"url fn n\" href=\"https:\/\/eglisecma.ci\/nouveau\/author\/sergeolivierk\/\">\r\r\n\t\t\t\t\t\t<span>By <\/span> Eglise CMA\r\n\t\t\t\t\t<\/a>\r\r\n\t\t\t\t<\/span>\r\r\n\t\t\t<\/div>\r\r\n\t\t<\/div>\r\r\n\t\t\t        <\/div>\r\n\t      <\/footer>\r\n\t    <\/div>\r\n\t\t  <\/div>\r\n<\/article>\r\n\r\r\r\n\t\t<\/div>\r\r\r\r\n\t\t\r\r\r\n\t\t<div class=\"col-xl-4 col-lg-4 col-md-6 col-sm-12\">\r\r\r\r\n\t\t\t<article id=\"post-4356\" class=\"sigma-post sigma-post-style-1 grid-layout post-4356 post type-post status-publish format-standard has-post-thumbnail hentry category-pastorale\">\r\n  <div class=\"sigma-post-wrapper\">\r\n\t\t\t\t\t<div class=\"sigma_post-thumb\">\r\n\t\t\t\t<a class=\"post-thumbnail\" href=\"https:\/\/eglisecma.ci\/nouveau\/pastorale-2026-jour-1\/\" aria-hidden=\"true\">\r\n\t\t\t\t\t<img decoding=\"async\" width=\"800\" height=\"520\" src=\"https:\/\/eglisecma.ci\/nouveau\/wp-content\/uploads\/2026\/01\/003A9258-800x520.jpg\" class=\"attachment-sacreva-blog size-sacreva-blog wp-post-image\" alt=\"\" \/>\t\t\t\t<\/a>\r\n\t\t\t\t\t\t\t<\/div>\r\n\t\t\t\t\t    <div class=\"sigma-post-inner\">\r\n\t      <div class=\"entry-footer\">\r\n\t        <ul>\r\n\t          <li>\r\n\t              \r\n\t\t<div class=\"entry-meta-footer sigma_post_tags\">\r\r\n\t\t\r\n\t\t<\/div>\r\r\n\t\t\t          <\/li>\r\n\t          <li>\r\n\t            <div class=\"entry-meta\">\r\n\t              \r\n\t\t<span class=\"posted-on\">\r\r\n\t\t\t<a href=\"https:\/\/eglisecma.ci\/nouveau\/pastorale-2026-jour-1\/\" rel=\"bookmark\">\r\r\n\t\t\t\t<i class=\"far fa-calendar-alt\"><\/i>\r\r\n\t\t\t\t22 janvier 2026\r\n\t\t\t<\/a>\r\r\n\t\t<\/span>\r\r\n\t\t\t            <\/div>\r\n\t          <\/li>\r\n\t        <\/ul>\r\n\t      <\/div>\r\n\t      <footer class=\"entry-footer\">\r\n\t      <div class=\"entry-header\">\r\n\t        <h4 class=\"entry-title\"><a href=\"https:\/\/eglisecma.ci\/nouveau\/pastorale-2026-jour-1\/\" rel=\"bookmark\">PASTORALE 2026 &#8211; jour 1<\/a><\/h4>\t      <\/div>\r\n\t\t\t\t\t\t\t\t\t<div class=\"entry-content\">\r\n\t\t\t\t\t\t<p>Une ouverture solennelle plac\u00e9e sous le signe de l\u2019excellence et de la restauration de la gloire de Dieu La<\/p>\r\n\t\t\t\t\t<\/div>\r\n\t\t\t\t\t        <div class=\"author-details\">\r\n\t          \r\n\t\t<div class=\"entry-meta-footer sigma_post_author\">\r\r\n\t\t\t<div class=\"entry-meta-container\">\r\r\n\t\t\t\t<span class=\"author vcard\">\r\r\n\t\t\t\t<img alt='comment-author' src='https:\/\/secure.gravatar.com\/avatar\/692390f63378d4a0dfd79023d63f0e769cab37765735bf1ae58838bb70f0a01d?s=96&#038;d=mm&#038;r=g' srcset='https:\/\/secure.gravatar.com\/avatar\/692390f63378d4a0dfd79023d63f0e769cab37765735bf1ae58838bb70f0a01d?s=96&#038;d=mm&#038;r=g 2x' class='avatar avatar-96 photo' height='96' width='96' \/>\r\n\t\t\t\t\t<a class=\"url fn n\" href=\"https:\/\/eglisecma.ci\/nouveau\/author\/sergeolivierk\/\">\r\r\n\t\t\t\t\t\t<span>By <\/span> Eglise CMA\r\n\t\t\t\t\t<\/a>\r\r\n\t\t\t\t<\/span>\r\r\n\t\t\t<\/div>\r\r\n\t\t<\/div>\r\r\n\t\t\t        <\/div>\r\n\t      <\/footer>\r\n\t    <\/div>\r\n\t\t  <\/div>\r\n<\/article>\r\n\r\r\r\n\t\t<\/div>\r\r\r\r\n\t\t\r\r\r\n\t\t<div class=\"col-xl-4 col-lg-4 col-md-6 col-sm-12\">\r\r\r\r\n\t\t\t<article id=\"post-4341\" class=\"sigma-post sigma-post-style-1 grid-layout post-4341 post type-post status-publish format-standard has-post-thumbnail hentry category-pastorale\">\r\n  <div class=\"sigma-post-wrapper\">\r\n\t\t\t\t\t<div class=\"sigma_post-thumb\">\r\n\t\t\t\t<a class=\"post-thumbnail\" href=\"https:\/\/eglisecma.ci\/nouveau\/ceremonie-de-presentation-de-voeux-du-nouvel-an\/\" aria-hidden=\"true\">\r\n\t\t\t\t\t<img loading=\"lazy\" decoding=\"async\" width=\"800\" height=\"520\" src=\"https:\/\/eglisecma.ci\/nouveau\/wp-content\/uploads\/2026\/01\/voeux-nouvel-an-800x520.jpg\" class=\"attachment-sacreva-blog size-sacreva-blog wp-post-image\" alt=\"\" \/>\t\t\t\t<\/a>\r\n\t\t\t\t\t\t\t<\/div>\r\n\t\t\t\t\t    <div class=\"sigma-post-inner\">\r\n\t      <div class=\"entry-footer\">\r\n\t        <ul>\r\n\t          <li>\r\n\t              \r\n\t\t<div class=\"entry-meta-footer sigma_post_tags\">\r\r\n\t\t\r\n\t\t<\/div>\r\r\n\t\t\t          <\/li>\r\n\t          <li>\r\n\t            <div class=\"entry-meta\">\r\n\t              \r\n\t\t<span class=\"posted-on\">\r\r\n\t\t\t<a href=\"https:\/\/eglisecma.ci\/nouveau\/ceremonie-de-presentation-de-voeux-du-nouvel-an\/\" rel=\"bookmark\">\r\r\n\t\t\t\t<i class=\"far fa-calendar-alt\"><\/i>\r\r\n\t\t\t\t21 janvier 2026\r\n\t\t\t<\/a>\r\r\n\t\t<\/span>\r\r\n\t\t\t            <\/div>\r\n\t          <\/li>\r\n\t        <\/ul>\r\n\t      <\/div>\r\n\t      <footer class=\"entry-footer\">\r\n\t      <div class=\"entry-header\">\r\n\t        <h4 class=\"entry-title\"><a href=\"https:\/\/eglisecma.ci\/nouveau\/ceremonie-de-presentation-de-voeux-du-nouvel-an\/\" rel=\"bookmark\">C\u00c9R\u00c9MONIE DE PR\u00c9SENTATION DE V\u0152UX DU NOUVEL AN<\/a><\/h4>\t      <\/div>\r\n\t\t\t\t\t\t\t\t\t<div class=\"entry-content\">\r\n\t\t\t\t\t\t<p>Du lundi 19 au mardi 20 janvier 2026, de 8h30 \u00e0 18h30, la grande famille de l\u2019\u00c9glise Protestante \u00c9vang\u00e9lique<\/p>\r\n\t\t\t\t\t<\/div>\r\n\t\t\t\t\t        <div class=\"author-details\">\r\n\t          \r\n\t\t<div class=\"entry-meta-footer sigma_post_author\">\r\r\n\t\t\t<div class=\"entry-meta-container\">\r\r\n\t\t\t\t<span class=\"author vcard\">\r\r\n\t\t\t\t<img alt='comment-author' src='https:\/\/secure.gravatar.com\/avatar\/692390f63378d4a0dfd79023d63f0e769cab37765735bf1ae58838bb70f0a01d?s=96&#038;d=mm&#038;r=g' srcset='https:\/\/secure.gravatar.com\/avatar\/692390f63378d4a0dfd79023d63f0e769cab37765735bf1ae58838bb70f0a01d?s=96&#038;d=mm&#038;r=g 2x' class='avatar avatar-96 photo' height='96' width='96' \/>\r\n\t\t\t\t\t<a class=\"url fn n\" href=\"https:\/\/eglisecma.ci\/nouveau\/author\/sergeolivierk\/\">\r\r\n\t\t\t\t\t\t<span>By <\/span> Eglise CMA\r\n\t\t\t\t\t<\/a>\r\r\n\t\t\t\t<\/span>\r\r\n\t\t\t<\/div>\r\r\n\t\t<\/div>\r\r\n\t\t\t        <\/div>\r\n\t      <\/footer>\r\n\t    <\/div>\r\n\t\t  <\/div>\r\n<\/article>\r\n\r\r\r\n\t\t<\/div>\r\r\r\r\n\t\t\r\r\r\n<\/div>\r\r\r\r\n\r\n<\/div>\r\r\n\r\n\t\t<\/div>\r\r\n\t\t[\/vc_column][\/vc_row][vc_row css=&#8221;.vc_custom_1638745375398{padding-bottom: 110px !important;}&#8221; row_css_sm=&#8221;.vc_custom_1638745375399{padding-bottom: 80px !important;}&#8221; el_id=&#8221;livestream&#8221;][vc_column]\r\r\n\t\t<div  class=\"sigma_custom_heading_wrapper sigma-custom-heading-1334775008 sigma-shortcode-wrapper custom-heading-style-2 subtitle-text-uppercase title-text- text-center\">\r\r\r\n\t\t\t\r\n<div class=\"section-title sigma-custom-heading-wrapper\">\r\r\n\t\r\n\r\r\n\t\t\t<p class=\"heading-subtitle\">\r\r\n\t\t\t\tVid\u00e9os\r\n\t\t\t<\/p>\r\r\n\t\t\r\n\t\t\t<h4 class=\"heading-title\">\r\r\n\t\t\t\tComptes Rendus Vid\u00e9os\r\n\t\t\t<\/h4>\r\r\n\t\t\r\n<\/div>\r\r\n\r\r\n\t\t<\/div>\r\r\r\n\t\t\r\n\t\t<div  class=\"sigma_video_wrapper sigma-video-1653173765 sigma-shortcode-wrapper video-style-4\">\r\r\n\t\t\t\r\n<div class=\"sigma_video-popup-wrap\">\r\r\n\t\r\n\t  <img decoding=\"async\" src=\"https:\/\/eglisecma.ci\/nouveau\/wp-content\/uploads\/2026\/01\/voeux-nouvel-an-03.jpg\" alt=\"video\">\r\r\n\t\r\n    <a href=\"https:\/\/eglisecma.ci\/nouveau\/wp-content\/uploads\/2026\/01\/voeux-nouvel-an2026.mp4\" class=\"sigma_video-popup popup-sm popup-youtube\">\r\r\n      \r\n          <i class=\"fas fa-adjust\"><\/i>\r\r\n        \r\n    <\/a>\r\r\n  \r\n<\/div>\r\r\n\r\n  <h6>PR\u00c9SENTATION DE V\u0152UX<\/h6>\r\r\n\r\n\r\n\t\t<\/div>\r\r\n\t\t[\/vc_column][\/vc_row]<\/p>\n<\/div>","protected":false},"excerpt":{"rendered":"<p>[vc_row full_width=&#8221;stretch_row&#8221; css=&#8221;.vc_custom_1605007270524{padding-top: 110px !important;padding-bottom: 80px !important;}&#8221; row_css_sm=&#8221;.vc_custom_1605007270526{padding-top: 70px !important;padding-bottom: 40px !important;}&#8221;][vc_column][\/vc_column][\/vc_row][vc_row css=&#8221;.vc_custom_1638745375398{padding-bottom: 110px !important;}&#8221; row_css_sm=&#8221;.vc_custom_1638745375399{padding-bottom: 80px !important;}&#8221; el_id=&#8221;livestream&#8221;][vc_column][\/vc_column][\/vc_row]<\/p>\n","protected":false},"author":1,"featured_media":0,"parent":0,"menu_order":0,"comment_status":"closed","ping_status":"closed","template":"","meta":{"om_disable_all_campaigns":false,"_monsterinsights_skip_tracking":false,"_monsterinsights_sitenote_active":false,"_monsterinsights_sitenote_note":"","_monsterinsights_sitenote_category":0,"footnotes":""},"class_list":["post-3916","page","type-page","status-publish","hentry"],"aioseo_notices":[],"jetpack_sharing_enabled":true,"_links":{"self":[{"href":"https:\/\/eglisecma.ci\/nouveau\/wp-json\/wp\/v2\/pages\/3916","targetHints":{"allow":["GET"]}}],"collection":[{"href":"https:\/\/eglisecma.ci\/nouveau\/wp-json\/wp\/v2\/pages"}],"about":[{"href":"https:\/\/eglisecma.ci\/nouveau\/wp-json\/wp\/v2\/types\/page"}],"author":[{"embeddable":true,"href":"https:\/\/eglisecma.ci\/nouveau\/wp-json\/wp\/v2\/users\/1"}],"replies":[{"embeddable":true,"href":"https:\/\/eglisecma.ci\/nouveau\/wp-json\/wp\/v2\/comments?post=3916"}],"version-history":[{"count":30,"href":"https:\/\/eglisecma.ci\/nouveau\/wp-json\/wp\/v2\/pages\/3916\/revisions"}],"predecessor-version":[{"id":4355,"href":"https:\/\/eglisecma.ci\/nouveau\/wp-json\/wp\/v2\/pages\/3916\/revisions\/4355"}],"wp:attachment":[{"href":"https:\/\/eglisecma.ci\/nouveau\/wp-json\/wp\/v2\/media?parent=3916"}],"curies":[{"name":"wp","href":"https:\/\/api.w.org\/{rel}","templated":true}]}}