


{"id":3762,"date":"2025-01-10T11:45:00","date_gmt":"2025-01-10T10:45:00","guid":{"rendered":"https:\/\/eglisecma.ci\/nouveau\/?page_id=3762"},"modified":"2025-01-27T10:05:11","modified_gmt":"2025-01-27T10:05:11","slug":"bureau-executif","status":"publish","type":"page","link":"https:\/\/eglisecma.ci\/nouveau\/bureau-executif\/","title":{"rendered":"Bureau Ex\u00e9cutif"},"content":{"rendered":"<div class=\"wpb-content-wrapper\"><p>[vc_row][vc_column]\r\r\n\t\t<div  class=\"sigma_custom_heading_wrapper sigma-custom-heading-1184508048 sigma-shortcode-wrapper custom-heading-style-3 subtitle-text-uppercase title-text- text-left\">\r\r\r\n\t\t\t\r\n<div class=\"section-title sigma-custom-heading-wrapper\">\r\r\n\t\r\n\r\r\n\t\t\t<p class=\"heading-subtitle\">\r\r\n\t\t\t\tLes Membres du\r\n\t\t\t<\/p>\r\r\n\t\t\r\n\t\t\t<h2 class=\"heading-title\">\r\r\n\t\t\t\tBureau Ex\u00e9cutif National\r\n\t\t\t<\/h2>\r\r\n\t\t\r\n<\/div>\r\r\n\r\r\n\t\t<\/div>\r\r\r\n\t\t\r\r\n\t\t<div  class=\"sigma_volunteer_wrapper sigma-volunteer-965448495 sigma-shortcode-wrapper sigma-volunteer-style-1 volunteer-layout-slider\">\r\r\r\n\t\t\t\r\n<div class=\"slick-slider sigma_shortcode-slider\" data-slick=\"{&quot;autoplay&quot;:false,&quot;infinite&quot;:true,&quot;arrows&quot;:true,&quot;speed&quot;:0,&quot;centerMode&quot;:false,&quot;centerPadding&quot;:0,&quot;autoplaySpeed&quot;:0,&quot;dots&quot;:true,&quot;slidesToShow&quot;:3,&quot;slidesToScroll&quot;:1,&quot;responsive&quot;:[{&quot;breakpoint&quot;:1800,&quot;settings&quot;:{&quot;slidesToShow&quot;:3}},{&quot;breakpoint&quot;:1400,&quot;settings&quot;:{&quot;slidesToShow&quot;:3}},{&quot;breakpoint&quot;:992,&quot;settings&quot;:{&quot;slidesToShow&quot;:2}},{&quot;breakpoint&quot;:768,&quot;settings&quot;:{&quot;slidesToShow&quot;:1}},{&quot;breakpoint&quot;:576,&quot;settings&quot;:{&quot;slidesToShow&quot;:1}}]}\">\r\r\n\t\r\r\n<div class=\"sigma-volunteer-slide\">\r\r\r\n\t<div class=\"sigma-volunteer-wrapper\">\r\r\r\n\t\t<div class=\"sigma-volunteer-thumbnail-wrapper\">\r\r\r\n\r\r\n\t\t\t<div class=\"sigma-volunteer-image-container\">\r\r\r\n\t\t\t\t<img fetchpriority=\"high\" decoding=\"async\" width=\"600\" height=\"645\" src=\"https:\/\/eglisecma.ci\/nouveau\/wp-content\/uploads\/2024\/12\/PR-FOND-BLANC-600x645.png\" class=\"sigma-volunteer-image wp-post-image\" alt=\"\" \/>\r\n\t\t\t\t\r\r\n\t\t\t<\/div>\r\r\r\n\t\t<\/div>\r\r\r\n\t\t<div class=\"sigma-volunteer-content-cover\">\r\r\r\n\t\t\t<div class=\"sigma-volunteer-title\">\r\r\r\n\t\t\t\t<h3 class=\"volunteer-title\">\r\r\r\n\t\t\t\t\t<a href=\"https:\/\/eglisecma.ci\/nouveau\/volunteer\/dr-nguessan-kouadio-noel\/\" class=\"volunteer-title-link\">Dr. N\u2019GUESSAN Kouadio No\u00ebl<\/a>\r\r\r\n\t\t\t\t<\/h3>\r\r\r\n\t\t\t<\/div>\r\r\r\n\t\t\t\r\r\n\t\t\t\t<div class=\"sigma-volunteer-designation-container\">\r\r\r\n\t\t\t\t\t<h5 class=\"sigma-volunteer-designation\">Pr\u00e9sident de l&#039;Eglise CMA C\u00f4te d&#039;Ivoire<\/h5>\r\r\r\n\t\t\t\t<\/div>\r\r\r\n\t\t\t\t\r\r\n\t\t<\/div>\r\r\r\n\t<\/div>\r\r\r\n<\/div>\r\r\n\r\r\n<div class=\"sigma-volunteer-slide\">\r\r\r\n\t<div class=\"sigma-volunteer-wrapper\">\r\r\r\n\t\t<div class=\"sigma-volunteer-thumbnail-wrapper\">\r\r\r\n\r\r\n\t\t\t<div class=\"sigma-volunteer-image-container\">\r\r\r\n\t\t\t\t<img decoding=\"async\" width=\"600\" height=\"600\" src=\"https:\/\/eglisecma.ci\/nouveau\/wp-content\/uploads\/2024\/12\/sg-diby-jean.png\" class=\"sigma-volunteer-image wp-post-image\" alt=\"\" srcset=\"https:\/\/eglisecma.ci\/nouveau\/wp-content\/uploads\/2024\/12\/sg-diby-jean.png 600w, https:\/\/eglisecma.ci\/nouveau\/wp-content\/uploads\/2024\/12\/sg-diby-jean-300x300.png 300w, https:\/\/eglisecma.ci\/nouveau\/wp-content\/uploads\/2024\/12\/sg-diby-jean-150x150.png 150w, https:\/\/eglisecma.ci\/nouveau\/wp-content\/uploads\/2024\/12\/sg-diby-jean-370x370.png 370w, https:\/\/eglisecma.ci\/nouveau\/wp-content\/uploads\/2024\/12\/sg-diby-jean-100x100.png 100w\" sizes=\"(max-width: 600px) 100vw, 600px\" \/>\r\n\t\t\t\t\r\r\n\t\t\t<\/div>\r\r\r\n\t\t<\/div>\r\r\r\n\t\t<div class=\"sigma-volunteer-content-cover\">\r\r\r\n\t\t\t<div class=\"sigma-volunteer-title\">\r\r\r\n\t\t\t\t<h3 class=\"volunteer-title\">\r\r\r\n\t\t\t\t\t<a href=\"https:\/\/eglisecma.ci\/nouveau\/volunteer\/rev-diby-kouakou-jean\/\" class=\"volunteer-title-link\">R\u00e9v. DIBY Kouakou Jean<\/a>\r\r\r\n\t\t\t\t<\/h3>\r\r\r\n\t\t\t<\/div>\r\r\r\n\t\t\t\r\r\n\t\t\t\t<div class=\"sigma-volunteer-designation-container\">\r\r\r\n\t\t\t\t\t<h5 class=\"sigma-volunteer-designation\">Secr\u00e9taire G\u00e9n\u00e9ral<\/h5>\r\r\r\n\t\t\t\t<\/div>\r\r\r\n\t\t\t\t\r\r\n\t\t<\/div>\r\r\r\n\t<\/div>\r\r\r\n<\/div>\r\r\n\r\r\n<div class=\"sigma-volunteer-slide\">\r\r\r\n\t<div class=\"sigma-volunteer-wrapper\">\r\r\r\n\t\t<div class=\"sigma-volunteer-thumbnail-wrapper\">\r\r\r\n\r\r\n\t\t\t<div class=\"sigma-volunteer-image-container\">\r\r\r\n\t\t\t\t<img decoding=\"async\" width=\"600\" height=\"600\" src=\"https:\/\/eglisecma.ci\/nouveau\/wp-content\/uploads\/2024\/12\/m-adi.png\" class=\"sigma-volunteer-image wp-post-image\" alt=\"\" srcset=\"https:\/\/eglisecma.ci\/nouveau\/wp-content\/uploads\/2024\/12\/m-adi.png 600w, https:\/\/eglisecma.ci\/nouveau\/wp-content\/uploads\/2024\/12\/m-adi-300x300.png 300w, https:\/\/eglisecma.ci\/nouveau\/wp-content\/uploads\/2024\/12\/m-adi-150x150.png 150w, https:\/\/eglisecma.ci\/nouveau\/wp-content\/uploads\/2024\/12\/m-adi-370x370.png 370w, https:\/\/eglisecma.ci\/nouveau\/wp-content\/uploads\/2024\/12\/m-adi-100x100.png 100w\" sizes=\"(max-width: 600px) 100vw, 600px\" \/>\r\n\t\t\t\t\r\r\n\t\t\t<\/div>\r\r\r\n\t\t<\/div>\r\r\r\n\t\t<div class=\"sigma-volunteer-content-cover\">\r\r\r\n\t\t\t<div class=\"sigma-volunteer-title\">\r\r\r\n\t\t\t\t<h3 class=\"volunteer-title\">\r\r\r\n\t\t\t\t\t<a href=\"https:\/\/eglisecma.ci\/nouveau\/volunteer\/m-adi-kouassi-joachim\/\" class=\"volunteer-title-link\">M. ADI Kouassi Joachim<\/a>\r\r\r\n\t\t\t\t<\/h3>\r\r\r\n\t\t\t<\/div>\r\r\r\n\t\t\t\r\r\n\t\t\t\t<div class=\"sigma-volunteer-designation-container\">\r\r\r\n\t\t\t\t\t<h5 class=\"sigma-volunteer-designation\">Directeur des Affaires Financi\u00e8res<\/h5>\r\r\r\n\t\t\t\t<\/div>\r\r\r\n\t\t\t\t\r\r\n\t\t<\/div>\r\r\r\n\t<\/div>\r\r\r\n<\/div>\r\r\n\r\r\n<div class=\"sigma-volunteer-slide\">\r\r\r\n\t<div class=\"sigma-volunteer-wrapper\">\r\r\r\n\t\t<div class=\"sigma-volunteer-thumbnail-wrapper\">\r\r\r\n\r\r\n\t\t\t<div class=\"sigma-volunteer-image-container\">\r\r\r\n\t\t\t\t<img loading=\"lazy\" decoding=\"async\" width=\"600\" height=\"600\" src=\"https:\/\/eglisecma.ci\/nouveau\/wp-content\/uploads\/2024\/12\/rev-kanga-martin.png\" class=\"sigma-volunteer-image wp-post-image\" alt=\"\" srcset=\"https:\/\/eglisecma.ci\/nouveau\/wp-content\/uploads\/2024\/12\/rev-kanga-martin.png 600w, https:\/\/eglisecma.ci\/nouveau\/wp-content\/uploads\/2024\/12\/rev-kanga-martin-300x300.png 300w, https:\/\/eglisecma.ci\/nouveau\/wp-content\/uploads\/2024\/12\/rev-kanga-martin-150x150.png 150w, https:\/\/eglisecma.ci\/nouveau\/wp-content\/uploads\/2024\/12\/rev-kanga-martin-370x370.png 370w, https:\/\/eglisecma.ci\/nouveau\/wp-content\/uploads\/2024\/12\/rev-kanga-martin-100x100.png 100w\" sizes=\"(max-width: 600px) 100vw, 600px\" \/>\r\n\t\t\t\t\r\r\n\t\t\t<\/div>\r\r\r\n\t\t<\/div>\r\r\r\n\t\t<div class=\"sigma-volunteer-content-cover\">\r\r\r\n\t\t\t<div class=\"sigma-volunteer-title\">\r\r\r\n\t\t\t\t<h3 class=\"volunteer-title\">\r\r\r\n\t\t\t\t\t<a href=\"https:\/\/eglisecma.ci\/nouveau\/volunteer\/rev-kouassi-kanga-martin\/\" class=\"volunteer-title-link\">R\u00e9v. KOUASSI Kanga Martin<\/a>\r\r\r\n\t\t\t\t<\/h3>\r\r\r\n\t\t\t<\/div>\r\r\r\n\t\t\t\r\r\n\t\t\t\t<div class=\"sigma-volunteer-designation-container\">\r\r\r\n\t\t\t\t\t<h5 class=\"sigma-volunteer-designation\">Directeur de la Formation et de l&#039;Enseignement<\/h5>\r\r\r\n\t\t\t\t<\/div>\r\r\r\n\t\t\t\t\r\r\n\t\t<\/div>\r\r\r\n\t<\/div>\r\r\r\n<\/div>\r\r\n\r\r\n<div class=\"sigma-volunteer-slide\">\r\r\r\n\t<div class=\"sigma-volunteer-wrapper\">\r\r\r\n\t\t<div class=\"sigma-volunteer-thumbnail-wrapper\">\r\r\r\n\r\r\n\t\t\t<div class=\"sigma-volunteer-image-container\">\r\r\r\n\t\t\t\t<img loading=\"lazy\" decoding=\"async\" width=\"600\" height=\"600\" src=\"https:\/\/eglisecma.ci\/nouveau\/wp-content\/uploads\/2024\/12\/m-loukou.png\" class=\"sigma-volunteer-image wp-post-image\" alt=\"\" srcset=\"https:\/\/eglisecma.ci\/nouveau\/wp-content\/uploads\/2024\/12\/m-loukou.png 600w, https:\/\/eglisecma.ci\/nouveau\/wp-content\/uploads\/2024\/12\/m-loukou-300x300.png 300w, https:\/\/eglisecma.ci\/nouveau\/wp-content\/uploads\/2024\/12\/m-loukou-150x150.png 150w, https:\/\/eglisecma.ci\/nouveau\/wp-content\/uploads\/2024\/12\/m-loukou-370x370.png 370w, https:\/\/eglisecma.ci\/nouveau\/wp-content\/uploads\/2024\/12\/m-loukou-100x100.png 100w\" sizes=\"(max-width: 600px) 100vw, 600px\" \/>\r\n\t\t\t\t\r\r\n\t\t\t<\/div>\r\r\r\n\t\t<\/div>\r\r\r\n\t\t<div class=\"sigma-volunteer-content-cover\">\r\r\r\n\t\t\t<div class=\"sigma-volunteer-title\">\r\r\r\n\t\t\t\t<h3 class=\"volunteer-title\">\r\r\r\n\t\t\t\t\t<a href=\"https:\/\/eglisecma.ci\/nouveau\/volunteer\/m-loukou-nguessan-desire\/\" class=\"volunteer-title-link\">M. LOUKOU N\u2019Guessan D\u00e9sir\u00e9<\/a>\r\r\r\n\t\t\t\t<\/h3>\r\r\r\n\t\t\t<\/div>\r\r\r\n\t\t\t\r\r\n\t\t\t\t<div class=\"sigma-volunteer-designation-container\">\r\r\r\n\t\t\t\t\t<h5 class=\"sigma-volunteer-designation\">Directeur des Projets, du D\u00e9veloppement P\u00e9renne et du Patrimoine<\/h5>\r\r\r\n\t\t\t\t<\/div>\r\r\r\n\t\t\t\t\r\r\n\t\t<\/div>\r\r\r\n\t<\/div>\r\r\r\n<\/div>\r\r\n\r\r\n<div class=\"sigma-volunteer-slide\">\r\r\r\n\t<div class=\"sigma-volunteer-wrapper\">\r\r\r\n\t\t<div class=\"sigma-volunteer-thumbnail-wrapper\">\r\r\r\n\r\r\n\t\t\t<div class=\"sigma-volunteer-image-container\">\r\r\r\n\t\t\t\t<img loading=\"lazy\" decoding=\"async\" width=\"600\" height=\"600\" src=\"https:\/\/eglisecma.ci\/nouveau\/wp-content\/uploads\/2024\/12\/rev-bohoussou.png\" class=\"sigma-volunteer-image wp-post-image\" alt=\"\" srcset=\"https:\/\/eglisecma.ci\/nouveau\/wp-content\/uploads\/2024\/12\/rev-bohoussou.png 600w, https:\/\/eglisecma.ci\/nouveau\/wp-content\/uploads\/2024\/12\/rev-bohoussou-300x300.png 300w, https:\/\/eglisecma.ci\/nouveau\/wp-content\/uploads\/2024\/12\/rev-bohoussou-150x150.png 150w, https:\/\/eglisecma.ci\/nouveau\/wp-content\/uploads\/2024\/12\/rev-bohoussou-370x370.png 370w, https:\/\/eglisecma.ci\/nouveau\/wp-content\/uploads\/2024\/12\/rev-bohoussou-100x100.png 100w\" sizes=\"(max-width: 600px) 100vw, 600px\" \/>\r\n\t\t\t\t\r\r\n\t\t\t<\/div>\r\r\r\n\t\t<\/div>\r\r\r\n\t\t<div class=\"sigma-volunteer-content-cover\">\r\r\r\n\t\t\t<div class=\"sigma-volunteer-title\">\r\r\r\n\t\t\t\t<h3 class=\"volunteer-title\">\r\r\r\n\t\t\t\t\t<a href=\"https:\/\/eglisecma.ci\/nouveau\/volunteer\/rev-bohoussou-konan-raymond\/\" class=\"volunteer-title-link\">R\u00e9v. BOHOUSSOU Konan Raymond<\/a>\r\r\r\n\t\t\t\t<\/h3>\r\r\r\n\t\t\t<\/div>\r\r\r\n\t\t\t\r\r\n\t\t\t\t<div class=\"sigma-volunteer-designation-container\">\r\r\r\n\t\t\t\t\t<h5 class=\"sigma-volunteer-designation\">Directeur des Mouvements et Associations<\/h5>\r\r\r\n\t\t\t\t<\/div>\r\r\r\n\t\t\t\t\r\r\n\t\t<\/div>\r\r\r\n\t<\/div>\r\r\r\n<\/div>\r\r\n\r\r\n<div class=\"sigma-volunteer-slide\">\r\r\r\n\t<div class=\"sigma-volunteer-wrapper\">\r\r\r\n\t\t<div class=\"sigma-volunteer-thumbnail-wrapper\">\r\r\r\n\r\r\n\t\t\t<div class=\"sigma-volunteer-image-container\">\r\r\r\n\t\t\t\t<img loading=\"lazy\" decoding=\"async\" width=\"600\" height=\"600\" src=\"https:\/\/eglisecma.ci\/nouveau\/wp-content\/uploads\/2024\/12\/rev-kouakou-benjamin.png\" class=\"sigma-volunteer-image wp-post-image\" alt=\"\" srcset=\"https:\/\/eglisecma.ci\/nouveau\/wp-content\/uploads\/2024\/12\/rev-kouakou-benjamin.png 600w, https:\/\/eglisecma.ci\/nouveau\/wp-content\/uploads\/2024\/12\/rev-kouakou-benjamin-300x300.png 300w, https:\/\/eglisecma.ci\/nouveau\/wp-content\/uploads\/2024\/12\/rev-kouakou-benjamin-150x150.png 150w, https:\/\/eglisecma.ci\/nouveau\/wp-content\/uploads\/2024\/12\/rev-kouakou-benjamin-370x370.png 370w, https:\/\/eglisecma.ci\/nouveau\/wp-content\/uploads\/2024\/12\/rev-kouakou-benjamin-100x100.png 100w\" sizes=\"(max-width: 600px) 100vw, 600px\" \/>\r\n\t\t\t\t\r\r\n\t\t\t<\/div>\r\r\r\n\t\t<\/div>\r\r\r\n\t\t<div class=\"sigma-volunteer-content-cover\">\r\r\r\n\t\t\t<div class=\"sigma-volunteer-title\">\r\r\r\n\t\t\t\t<h3 class=\"volunteer-title\">\r\r\r\n\t\t\t\t\t<a href=\"https:\/\/eglisecma.ci\/nouveau\/volunteer\/rev-kouakou-benjamin\/\" class=\"volunteer-title-link\">R\u00e9v. KOUAKOU Benjamin<\/a>\r\r\r\n\t\t\t\t<\/h3>\r\r\r\n\t\t\t<\/div>\r\r\r\n\t\t\t\r\r\n\t\t\t\t<div class=\"sigma-volunteer-designation-container\">\r\r\r\n\t\t\t\t\t<h5 class=\"sigma-volunteer-designation\">Directeur de la Mission et de l&#039;Evang\u00e9lisation<\/h5>\r\r\r\n\t\t\t\t<\/div>\r\r\r\n\t\t\t\t\r\r\n\t\t<\/div>\r\r\r\n\t<\/div>\r\r\r\n<\/div>\r\r\n\r\r\n<div class=\"sigma-volunteer-slide\">\r\r\r\n\t<div class=\"sigma-volunteer-wrapper\">\r\r\r\n\t\t<div class=\"sigma-volunteer-thumbnail-wrapper\">\r\r\r\n\r\r\n\t\t\t<div class=\"sigma-volunteer-image-container\">\r\r\r\n\t\t\t\t<img loading=\"lazy\" decoding=\"async\" width=\"600\" height=\"600\" src=\"https:\/\/eglisecma.ci\/nouveau\/wp-content\/uploads\/2024\/12\/rev-ciplihin.png\" class=\"sigma-volunteer-image wp-post-image\" alt=\"\" srcset=\"https:\/\/eglisecma.ci\/nouveau\/wp-content\/uploads\/2024\/12\/rev-ciplihin.png 600w, https:\/\/eglisecma.ci\/nouveau\/wp-content\/uploads\/2024\/12\/rev-ciplihin-300x300.png 300w, https:\/\/eglisecma.ci\/nouveau\/wp-content\/uploads\/2024\/12\/rev-ciplihin-150x150.png 150w, https:\/\/eglisecma.ci\/nouveau\/wp-content\/uploads\/2024\/12\/rev-ciplihin-370x370.png 370w, https:\/\/eglisecma.ci\/nouveau\/wp-content\/uploads\/2024\/12\/rev-ciplihin-100x100.png 100w\" sizes=\"(max-width: 600px) 100vw, 600px\" \/>\r\n\t\t\t\t\r\r\n\t\t\t<\/div>\r\r\r\n\t\t<\/div>\r\r\r\n\t\t<div class=\"sigma-volunteer-content-cover\">\r\r\r\n\t\t\t<div class=\"sigma-volunteer-title\">\r\r\r\n\t\t\t\t<h3 class=\"volunteer-title\">\r\r\r\n\t\t\t\t\t<a href=\"https:\/\/eglisecma.ci\/nouveau\/volunteer\/rev-kouame-yao-ciplihin\/\" class=\"volunteer-title-link\">R\u00e9v. KOUAME Yao Ciplihin<\/a>\r\r\r\n\t\t\t\t<\/h3>\r\r\r\n\t\t\t<\/div>\r\r\r\n\t\t\t\r\r\n\t\t\t\t<div class=\"sigma-volunteer-designation-container\">\r\r\r\n\t\t\t\t\t<h5 class=\"sigma-volunteer-designation\">Directeur National de la Pri\u00e8re<\/h5>\r\r\r\n\t\t\t\t<\/div>\r\r\r\n\t\t\t\t\r\r\n\t\t<\/div>\r\r\r\n\t<\/div>\r\r\r\n<\/div>\r\r\n\r\n<\/div>\r\r\n\r\r\n\t\t<\/div>\r\r\r\n\t\t[\/vc_column][\/vc_row]<\/p>\n<\/div>","protected":false},"excerpt":{"rendered":"<p>[vc_row][vc_column][\/vc_column][\/vc_row]<\/p>\n","protected":false},"author":1,"featured_media":0,"parent":0,"menu_order":0,"comment_status":"closed","ping_status":"closed","template":"","meta":{"om_disable_all_campaigns":false,"_monsterinsights_skip_tracking":false,"_monsterinsights_sitenote_active":false,"_monsterinsights_sitenote_note":"","_monsterinsights_sitenote_category":0,"footnotes":""},"class_list":["post-3762","page","type-page","status-publish","hentry"],"aioseo_notices":[],"jetpack_sharing_enabled":true,"_links":{"self":[{"href":"https:\/\/eglisecma.ci\/nouveau\/wp-json\/wp\/v2\/pages\/3762","targetHints":{"allow":["GET"]}}],"collection":[{"href":"https:\/\/eglisecma.ci\/nouveau\/wp-json\/wp\/v2\/pages"}],"about":[{"href":"https:\/\/eglisecma.ci\/nouveau\/wp-json\/wp\/v2\/types\/page"}],"author":[{"embeddable":true,"href":"https:\/\/eglisecma.ci\/nouveau\/wp-json\/wp\/v2\/users\/1"}],"replies":[{"embeddable":true,"href":"https:\/\/eglisecma.ci\/nouveau\/wp-json\/wp\/v2\/comments?post=3762"}],"version-history":[{"count":19,"href":"https:\/\/eglisecma.ci\/nouveau\/wp-json\/wp\/v2\/pages\/3762\/revisions"}],"predecessor-version":[{"id":3869,"href":"https:\/\/eglisecma.ci\/nouveau\/wp-json\/wp\/v2\/pages\/3762\/revisions\/3869"}],"wp:attachment":[{"href":"https:\/\/eglisecma.ci\/nouveau\/wp-json\/wp\/v2\/media?parent=3762"}],"curies":[{"name":"wp","href":"https:\/\/api.w.org\/{rel}","templated":true}]}}