


{"id":3760,"date":"2025-01-10T11:44:12","date_gmt":"2025-01-10T10:44:12","guid":{"rendered":"https:\/\/eglisecma.ci\/nouveau\/?page_id=3760"},"modified":"2025-01-13T10:51:18","modified_gmt":"2025-01-13T10:51:18","slug":"organisation","status":"publish","type":"page","link":"https:\/\/eglisecma.ci\/nouveau\/organisation\/","title":{"rendered":"Organisation"},"content":{"rendered":"<div class=\"wpb-content-wrapper\"><p>[vc_row][vc_column][vc_single_image image=&#8221;3743&#8243; img_size=&#8221;medium&#8221; css=&#8221;&#8221;][\/vc_column][\/vc_row][vc_row][vc_column][vc_column_text css=&#8221;&#8221;]L\u2019\u00c9glise protestante \u00e9vang\u00e9lique CMA de C\u00f4te d\u2019Ivoire est organis\u00e9e en diff\u00e9rents d\u00e9membrements pour son fonctionnement spirituel et administratif. Elle est subdivis\u00e9e en :<\/p>\n<ul>\n<li>R\u00e9gions (constitu\u00e9es chacune de plusieurs districts) ;<\/li>\n<li>Districts (constitu\u00e9s chacun de plusieurs paroisses) ;<\/li>\n<li>Districts missionnaires ;<\/li>\n<li>Paroisses (constitu\u00e9es chacune de plusieurs communaut\u00e9s locales);<\/li>\n<li>Communaut\u00e9s locales ;<\/li>\n<li>Champs missionnaires ;<\/li>\n<li>Champs missionnaires \u00e0 l\u2019\u00e9tranger (Ghana, Togo et France).<\/li>\n<\/ul>\n<p>L\u2019Eglise CMA compte \u00e0 ce jour 30 R\u00e9gions, 147 Districts, 07 Districts missionnaires, 687 Paroisses, 4 660 Communaut\u00e9s locales, 150 Champs missionnaires et 03 Champs missionnaires \u00e0 l\u2019\u00e9tranger (Ghana, Togo et France).[\/vc_column_text][\/vc_column][\/vc_row]<\/p>\n<\/div>","protected":false},"excerpt":{"rendered":"<p>[vc_row][vc_column][vc_single_image image=&#8221;3743&#8243; img_size=&#8221;medium&#8221; css=&#8221;&#8221;][\/vc_column][\/vc_row][vc_row][vc_column][vc_column_text css=&#8221;&#8221;]L\u2019\u00c9glise protestante \u00e9vang\u00e9lique CMA de C\u00f4te d\u2019Ivoire est organis\u00e9e en diff\u00e9rents d\u00e9membrements pour son fonctionnement spirituel et administratif. Elle est subdivis\u00e9e en : R\u00e9gions (constitu\u00e9es chacune de plusieurs districts) ; Districts (constitu\u00e9s chacun de plusieurs paroisses) ; Districts missionnaires ; Paroisses (constitu\u00e9es chacune de plusieurs communaut\u00e9s locales); Communaut\u00e9s locales ; Champs [&hellip;]<\/p>\n","protected":false},"author":1,"featured_media":0,"parent":0,"menu_order":0,"comment_status":"closed","ping_status":"closed","template":"","meta":{"om_disable_all_campaigns":false,"_monsterinsights_skip_tracking":false,"_monsterinsights_sitenote_active":false,"_monsterinsights_sitenote_note":"","_monsterinsights_sitenote_category":0,"footnotes":""},"class_list":["post-3760","page","type-page","status-publish","hentry"],"aioseo_notices":[],"jetpack_sharing_enabled":true,"_links":{"self":[{"href":"https:\/\/eglisecma.ci\/nouveau\/wp-json\/wp\/v2\/pages\/3760","targetHints":{"allow":["GET"]}}],"collection":[{"href":"https:\/\/eglisecma.ci\/nouveau\/wp-json\/wp\/v2\/pages"}],"about":[{"href":"https:\/\/eglisecma.ci\/nouveau\/wp-json\/wp\/v2\/types\/page"}],"author":[{"embeddable":true,"href":"https:\/\/eglisecma.ci\/nouveau\/wp-json\/wp\/v2\/users\/1"}],"replies":[{"embeddable":true,"href":"https:\/\/eglisecma.ci\/nouveau\/wp-json\/wp\/v2\/comments?post=3760"}],"version-history":[{"count":7,"href":"https:\/\/eglisecma.ci\/nouveau\/wp-json\/wp\/v2\/pages\/3760\/revisions"}],"predecessor-version":[{"id":3875,"href":"https:\/\/eglisecma.ci\/nouveau\/wp-json\/wp\/v2\/pages\/3760\/revisions\/3875"}],"wp:attachment":[{"href":"https:\/\/eglisecma.ci\/nouveau\/wp-json\/wp\/v2\/media?parent=3760"}],"curies":[{"name":"wp","href":"https:\/\/api.w.org\/{rel}","templated":true}]}}