


{"id":3758,"date":"2025-01-10T11:42:57","date_gmt":"2025-01-10T10:42:57","guid":{"rendered":"https:\/\/eglisecma.ci\/nouveau\/?page_id=3758"},"modified":"2025-02-19T14:36:05","modified_gmt":"2025-02-19T14:36:05","slug":"le-president","status":"publish","type":"page","link":"https:\/\/eglisecma.ci\/nouveau\/le-president\/","title":{"rendered":"Le Pr\u00e9sident"},"content":{"rendered":"<div class=\"wpb-content-wrapper\"><p>[vc_section][vc_row full_height=&#8221;yes&#8221; columns_placement=&#8221;top&#8221; content_placement=&#8221;top&#8221; css=&#8221;.vc_custom_1736762659759{padding-top: 110px !important;padding-bottom: 80px !important;}&#8221; row_css_sm=&#8221;.vc_custom_1736762659759{padding-top: 70px !important;padding-bottom: 20px !important;}&#8221;][vc_column offset=&#8221;vc_col-lg-6 vc_col-md-6 vc_hidden-sm vc_hidden-xs&#8221;]\r\r\n\t\t<div  class=\"sigma_custom_heading_wrapper sigma-custom-heading-922694774 sigma-shortcode-wrapper custom-heading-style-3 subtitle-text-uppercase title-text- text-left\">\r\r\r\n\t\t\t\r\n<div class=\"section-title sigma-custom-heading-wrapper\">\r\r\n\t\r\n\r\r\n\t\t\t<h3 class=\"heading-subtitle\">\r\r\n\t\t\t\tR\u00e9v. Dr. N\u2019GUESSAN Kouadio No\u00ebl\r\n\t\t\t<\/h3>\r\r\n\t\t\r\n<\/div>\r\r\n\r\r\n\t\t<\/div>\r\r\r\n\t\t[vc_single_image image=&#8221;4068&#8243; img_size=&#8221;large&#8221; css=&#8221;&#8221;][\/vc_column][vc_column offset=&#8221;vc_col-lg-6 vc_col-md-6&#8243;]\r\r\n\t\t<div  class=\"sigma_custom_heading_wrapper sigma-custom-heading-2141103159 sigma-shortcode-wrapper custom-heading-style-3 subtitle-text-uppercase title-text- text-left\">\r\r\r\n\t\t\t\r\n<div class=\"section-title sigma-custom-heading-wrapper\">\r\r\n\t\r\n\r\r\n\t\t\t<h3 class=\"heading-subtitle\">\r\r\n\t\t\t\tPr\u00e9sident de l'\u00c9glise CMA C\u00f4te d'Ivoire\r\n\t\t\t<\/h3>\r\r\n\t\t\r\n\t\t\t<h2 class=\"heading-title\">\r\r\n\t\t\t\tPr\u00e9sentation\r\n\t\t\t<\/h2>\r\r\n\t\t\r\n<\/div>\r\r\n\r\r\n\t\t<\/div>\r\r\r\n\t\t\r\n\t\t<div  class=\"sigma_infobox_wrapper sigma-infobox-2085673672 sigma-shortcode-wrapper icon-type-font infobox-style-1 infobox-left infobox-light\">\r\r\n\t\t\t\r\n<div class=\"cta-section\">\r\r\n\t\t<div class=\"cta-inner\">\r\r\n\t\t\t\t\t<div class=\"cta-features\">\r\r\n\t\t\t\t\t\t<div class=\"single-feature\">\r\r\n\t\t\t\t\t\t\t\r\n\t\t\t\t\t\t\t\t\t\t\t<div class=\"icon\"><i class=\"fas fa-male\"><\/i><\/div>\r\r\n\t\t\t\t\t\t\t\t\t\t\t\r\n\t\t\t\t\t\t\t<div class=\"cta-desc\">\r\r\n\t\t\t\t\t\t\t\t\r\n\t\t\t\t\t\t\t\t<p>N\u00e9 le 02 juillet 1968, le R\u00e9v\u00e9rend Dr N\u2019GUESSAN Kouadio No\u00ebl est pasteur de l\u2019Eglise CMA de C\u00f4te d\u2019Ivoire depuis 28 ans. Il est mari\u00e9 \u00e0 Aim\u00e9e-Chantal n\u00e9e KOUAKOU. Ils ont cinq enfants, dont deux filles et trois gar\u00e7ons.<\/p>\r\r\n\t\t\t\t\t\t\t\r\n\t\t\t\t\t\t\t<\/div>\r\r\n\t\t\t\t\t\t<\/div>\r\r\n\t\t\t\t\t<\/div>\r\r\n\t\t<\/div>\r\r\n<\/div>\r\r\n\r\n\t\t<\/div>\r\r\n\t\t\r\n\t\t<div  class=\"sigma_infobox_wrapper sigma-infobox-1428838567 sigma-shortcode-wrapper icon-type-font infobox-style-1 infobox-left infobox-light\">\r\r\n\t\t\t\r\n<div class=\"cta-section\">\r\r\n\t\t<div class=\"cta-inner\">\r\r\n\t\t\t\t\t<div class=\"cta-features\">\r\r\n\t\t\t\t\t\t<div class=\"single-feature\">\r\r\n\t\t\t\t\t\t\t\r\n\t\t\t\t\t\t\t\t\t\t\t<div class=\"icon\"><i class=\"fas fa-church\"><\/i><\/div>\r\r\n\t\t\t\t\t\t\t\t\t\t\t\r\n\t\t\t\t\t\t\t<div class=\"cta-desc\">\r\r\n\t\t\t\t\t\t\t\t\r\n\t\t\t\t\t\t\t\t<p>Enseignant-chercheur \u00e0 l\u2019Universit\u00e9 de l\u2019Alliance Chr\u00e9tienne d\u2019Abidjan (UACA, ex-FATHEAC), il a dirig\u00e9 le D\u00e9partement de Th\u00e9ologie Pratique pendant neuf (9) ans.<br \/>\nC\u2019est en pleine adolescence qu\u2019il re\u00e7oit J\u00e9sus-Christ comme son Sauveur et Seigneur. De 1993 \u00e0 1997, apr\u00e8s sa formation pastorale \u00e0 l\u2019Institut Biblique de l\u2019Alliance Chr\u00e9tienne de Yamoussoukro (IBACY), il dirige la paroisse de Koumassi en tant que Pasteur avant de s\u2019engager dans des \u00e9tudes universitaires qui seront sanctionn\u00e9es par un Doctorat de recherche \u00e0 la Facult\u00e9 Libre de Th\u00e9ologie \u00c9vang\u00e9lique de Vaux-sur-Seine, en France. Il est aussi titulaire un Master de recherche en pr\u00e9vention, gestion et r\u00e9solution des conflits de la Chaire UNESCO pour la culture de la paix de l\u2019Universit\u00e9 F\u00e9lix Houphou\u00ebt-Boigny, C\u00f4te d\u2019Ivoire. A cet effet, il a particip\u00e9 \u00e0 plusieurs missions de r\u00e9solutions de conflits dans l\u2019Ouest de la C\u00f4te d\u2019Ivoire.<\/p>\r\r\n\t\t\t\t\t\t\t\r\n\t\t\t\t\t\t\t<\/div>\r\r\n\t\t\t\t\t\t<\/div>\r\r\n\t\t\t\t\t<\/div>\r\r\n\t\t<\/div>\r\r\n<\/div>\r\r\n\r\n\t\t<\/div>\r\r\n\t\t\r\n\t\t<div  class=\"sigma_infobox_wrapper sigma-infobox-93967471 sigma-shortcode-wrapper icon-type-font infobox-style-1 infobox-left infobox-light\">\r\r\n\t\t\t\r\n<div class=\"cta-section\">\r\r\n\t\t<div class=\"cta-inner\">\r\r\n\t\t\t\t\t<div class=\"cta-features\">\r\r\n\t\t\t\t\t\t<div class=\"single-feature\">\r\r\n\t\t\t\t\t\t\t\r\n\t\t\t\t\t\t\t\t\t\t\t<div class=\"icon\"><i class=\"fas fa-cross\"><\/i><\/div>\r\r\n\t\t\t\t\t\t\t\t\t\t\t\r\n\t\t\t\t\t\t\t<div class=\"cta-desc\">\r\r\n\t\t\t\t\t\t\t\t\r\n\t\t\t\t\t\t\t\t<p>Le R\u00e9v\u00e9rend Dr No\u00ebl N\u2019Guessan a servi aussi pendant quelques ann\u00e9es au Secr\u00e9tariat G\u00e9n\u00e9ral de l\u2019Union Mondiale de l\u2019Alliance, R\u00e9gion Afrique, une fa\u00eeti\u00e8re de toutes les Eglises CMA dans le monde.<br \/>\nTr\u00e8s au fait de la vie de l\u2019Eglise, orateur fort appr\u00e9ci\u00e9 et sollicit\u00e9 tant \u00e0 l\u2019int\u00e9rieur du pays qu\u2019\u00e0 l\u2019ext\u00e9rieur, le R\u00e9v\u00e9rend Dr No\u00ebl N\u2019GUESSAN a \u00e9t\u00e9, jusqu\u2019\u00e0 son \u00e9lection, membre du Conseil d\u2019Administration de l\u2019Eglise CMA de C\u00f4te d\u2019Ivoire pendant les mandatures de ses deux pr\u00e9d\u00e9cesseurs.<br \/>\nPassionn\u00e9 d\u2019\u00e9criture, il est auteur de plusieurs publications scientifiques dont son ouvrage le plus connu L\u2019Evaluation du minist\u00e8re pastoral publi\u00e9 en 2017 aux \u00e9ditions Langham en Angleterre.<\/p>\r\r\n\t\t\t\t\t\t\t\r\n\t\t\t\t\t\t\t<\/div>\r\r\n\t\t\t\t\t\t<\/div>\r\r\n\t\t\t\t\t<\/div>\r\r\n\t\t<\/div>\r\r\n<\/div>\r\r\n\r\n\t\t<\/div>\r\r\n\t\t[\/vc_column][\/vc_row][\/vc_section]<\/p>\n<\/div>","protected":false},"excerpt":{"rendered":"<p>[vc_section][vc_row full_height=&#8221;yes&#8221; columns_placement=&#8221;top&#8221; content_placement=&#8221;top&#8221; css=&#8221;.vc_custom_1736762659759{padding-top: 110px !important;padding-bottom: 80px !important;}&#8221; row_css_sm=&#8221;.vc_custom_1736762659759{padding-top: 70px !important;padding-bottom: 20px !important;}&#8221;][vc_column offset=&#8221;vc_col-lg-6 vc_col-md-6 vc_hidden-sm vc_hidden-xs&#8221;][vc_single_image image=&#8221;4068&#8243; img_size=&#8221;large&#8221; css=&#8221;&#8221;][\/vc_column][vc_column offset=&#8221;vc_col-lg-6 vc_col-md-6&#8243;][\/vc_column][\/vc_row][\/vc_section]<\/p>\n","protected":false},"author":1,"featured_media":0,"parent":0,"menu_order":0,"comment_status":"closed","ping_status":"closed","template":"","meta":{"om_disable_all_campaigns":false,"_monsterinsights_skip_tracking":false,"_monsterinsights_sitenote_active":false,"_monsterinsights_sitenote_note":"","_monsterinsights_sitenote_category":0,"footnotes":""},"class_list":["post-3758","page","type-page","status-publish","hentry"],"aioseo_notices":[],"jetpack_sharing_enabled":true,"_links":{"self":[{"href":"https:\/\/eglisecma.ci\/nouveau\/wp-json\/wp\/v2\/pages\/3758","targetHints":{"allow":["GET"]}}],"collection":[{"href":"https:\/\/eglisecma.ci\/nouveau\/wp-json\/wp\/v2\/pages"}],"about":[{"href":"https:\/\/eglisecma.ci\/nouveau\/wp-json\/wp\/v2\/types\/page"}],"author":[{"embeddable":true,"href":"https:\/\/eglisecma.ci\/nouveau\/wp-json\/wp\/v2\/users\/1"}],"replies":[{"embeddable":true,"href":"https:\/\/eglisecma.ci\/nouveau\/wp-json\/wp\/v2\/comments?post=3758"}],"version-history":[{"count":29,"href":"https:\/\/eglisecma.ci\/nouveau\/wp-json\/wp\/v2\/pages\/3758\/revisions"}],"predecessor-version":[{"id":4069,"href":"https:\/\/eglisecma.ci\/nouveau\/wp-json\/wp\/v2\/pages\/3758\/revisions\/4069"}],"wp:attachment":[{"href":"https:\/\/eglisecma.ci\/nouveau\/wp-json\/wp\/v2\/media?parent=3758"}],"curies":[{"name":"wp","href":"https:\/\/api.w.org\/{rel}","templated":true}]}}